{"id":3612,"date":"2019-07-12T09:37:08","date_gmt":"2019-07-12T07:37:08","guid":{"rendered":"https:\/\/www.elemflora.it\/prodotti\/aralia-fatsia-japonica\/"},"modified":"2019-07-12T09:37:08","modified_gmt":"2019-07-12T07:37:08","slug":"aralia-fatsia-japonica","status":"publish","type":"product","link":"https:\/\/www.elemflora.it\/de\/produkt\/aralia-fatsia-japonica\/","title":{"rendered":"ARALIA-FATSIA JAPONICA"},"content":{"rendered":"","protected":false},"excerpt":{"rendered":"<p id=\"tw-target-text\" class=\"tw-data-text tw-text-large tw-ta\" dir=\"ltr\" data-placeholder=\"Traduzione\"><span lang=\"de\" tabindex=\"0\">Blatt ganzj\u00e4hrig in verschiedenen Gr\u00f6\u00dfen erh\u00e4ltlich: Super, Extra, I, II, III. Verpackt in Decks mit 50 Stielen<\/span><\/p>\n","protected":false},"featured_media":2281,"comment_status":"open","ping_status":"closed","template":"","meta":[],"product_cat":[693],"product_tag":[],"acf":[],"yoast_head":"<!-- This site is optimized with the Yoast SEO plugin v21.7 - https:\/\/yoast.com\/wordpress\/plugins\/seo\/ -->\n<title>ARALIA-FATSIA JAPONICA - Elemflora<\/title>\n<meta name=\"robots\" content=\"index, follow, max-snippet:-1, max-image-preview:large, max-video-preview:-1\" \/>\n<link rel=\"canonical\" href=\"https:\/\/www.elemflora.it\/de\/produkt\/aralia-fatsia-japonica\/\" \/>\n<meta property=\"og:locale\" content=\"de_DE\" \/>\n<meta property=\"og:type\" content=\"article\" \/>\n<meta property=\"og:title\" content=\"ARALIA-FATSIA JAPONICA - Elemflora\" \/>\n<meta property=\"og:description\" content=\"Blatt ganzj\u00e4hrig in verschiedenen Gr\u00f6\u00dfen erh\u00e4ltlich: Super, Extra, I, II, III. Verpackt in Decks mit 50 Stielen\" \/>\n<meta property=\"og:url\" content=\"https:\/\/www.elemflora.it\/de\/produkt\/aralia-fatsia-japonica\/\" \/>\n<meta property=\"og:site_name\" content=\"Elemflora\" \/>\n<meta property=\"og:image\" content=\"https:\/\/www.elemflora.it\/app\/uploads\/2019\/07\/aralia-scaled.jpeg\" \/>\n\t<meta property=\"og:image:width\" content=\"1536\" \/>\n\t<meta property=\"og:image:height\" content=\"2048\" \/>\n\t<meta property=\"og:image:type\" content=\"image\/jpeg\" \/>\n<meta name=\"twitter:card\" content=\"summary_large_image\" \/>\n<script type=\"application\/ld+json\" class=\"yoast-schema-graph\">{\"@context\":\"https:\/\/schema.org\",\"@graph\":[{\"@type\":\"WebPage\",\"@id\":\"https:\/\/www.elemflora.it\/de\/produkt\/aralia-fatsia-japonica\/\",\"url\":\"https:\/\/www.elemflora.it\/de\/produkt\/aralia-fatsia-japonica\/\",\"name\":\"ARALIA-FATSIA JAPONICA - Elemflora\",\"isPartOf\":{\"@id\":\"https:\/\/www.elemflora.it\/de\/#website\"},\"datePublished\":\"2019-07-12T07:37:08+00:00\",\"dateModified\":\"2019-07-12T07:37:08+00:00\",\"breadcrumb\":{\"@id\":\"https:\/\/www.elemflora.it\/de\/produkt\/aralia-fatsia-japonica\/#breadcrumb\"},\"inLanguage\":\"de-DE\",\"potentialAction\":[{\"@type\":\"ReadAction\",\"target\":[\"https:\/\/www.elemflora.it\/de\/produkt\/aralia-fatsia-japonica\/\"]}]},{\"@type\":\"BreadcrumbList\",\"@id\":\"https:\/\/www.elemflora.it\/de\/produkt\/aralia-fatsia-japonica\/#breadcrumb\",\"itemListElement\":[{\"@type\":\"ListItem\",\"position\":1,\"name\":\"Home\",\"item\":\"https:\/\/www.elemflora.it\/de\/\"},{\"@type\":\"ListItem\",\"position\":2,\"name\":\"Produkte\",\"item\":\"https:\/\/www.elemflora.it\/de\/produkte\/\"},{\"@type\":\"ListItem\",\"position\":3,\"name\":\"ARALIA-FATSIA JAPONICA\"}]},{\"@type\":\"WebSite\",\"@id\":\"https:\/\/www.elemflora.it\/de\/#website\",\"url\":\"https:\/\/www.elemflora.it\/de\/\",\"name\":\"Elemflora\",\"description\":\"Import Export Sanremo\",\"potentialAction\":[{\"@type\":\"SearchAction\",\"target\":{\"@type\":\"EntryPoint\",\"urlTemplate\":\"https:\/\/www.elemflora.it\/de\/?s={search_term_string}\"},\"query-input\":\"required name=search_term_string\"}],\"inLanguage\":\"de-DE\"}]}<\/script>\n<!-- \/ Yoast SEO plugin. -->","yoast_head_json":{"title":"ARALIA-FATSIA JAPONICA - Elemflora","robots":{"index":"index","follow":"follow","max-snippet":"max-snippet:-1","max-image-preview":"max-image-preview:large","max-video-preview":"max-video-preview:-1"},"canonical":"https:\/\/www.elemflora.it\/de\/produkt\/aralia-fatsia-japonica\/","og_locale":"de_DE","og_type":"article","og_title":"ARALIA-FATSIA JAPONICA - Elemflora","og_description":"Blatt ganzj\u00e4hrig in verschiedenen Gr\u00f6\u00dfen erh\u00e4ltlich: Super, Extra, I, II, III. Verpackt in Decks mit 50 Stielen","og_url":"https:\/\/www.elemflora.it\/de\/produkt\/aralia-fatsia-japonica\/","og_site_name":"Elemflora","og_image":[{"width":1536,"height":2048,"url":"https:\/\/www.elemflora.it\/app\/uploads\/2019\/07\/aralia-scaled.jpeg","type":"image\/jpeg"}],"twitter_card":"summary_large_image","schema":{"@context":"https:\/\/schema.org","@graph":[{"@type":"WebPage","@id":"https:\/\/www.elemflora.it\/de\/produkt\/aralia-fatsia-japonica\/","url":"https:\/\/www.elemflora.it\/de\/produkt\/aralia-fatsia-japonica\/","name":"ARALIA-FATSIA JAPONICA - Elemflora","isPartOf":{"@id":"https:\/\/www.elemflora.it\/de\/#website"},"datePublished":"2019-07-12T07:37:08+00:00","dateModified":"2019-07-12T07:37:08+00:00","breadcrumb":{"@id":"https:\/\/www.elemflora.it\/de\/produkt\/aralia-fatsia-japonica\/#breadcrumb"},"inLanguage":"de-DE","potentialAction":[{"@type":"ReadAction","target":["https:\/\/www.elemflora.it\/de\/produkt\/aralia-fatsia-japonica\/"]}]},{"@type":"BreadcrumbList","@id":"https:\/\/www.elemflora.it\/de\/produkt\/aralia-fatsia-japonica\/#breadcrumb","itemListElement":[{"@type":"ListItem","position":1,"name":"Home","item":"https:\/\/www.elemflora.it\/de\/"},{"@type":"ListItem","position":2,"name":"Produkte","item":"https:\/\/www.elemflora.it\/de\/produkte\/"},{"@type":"ListItem","position":3,"name":"ARALIA-FATSIA JAPONICA"}]},{"@type":"WebSite","@id":"https:\/\/www.elemflora.it\/de\/#website","url":"https:\/\/www.elemflora.it\/de\/","name":"Elemflora","description":"Import Export Sanremo","potentialAction":[{"@type":"SearchAction","target":{"@type":"EntryPoint","urlTemplate":"https:\/\/www.elemflora.it\/de\/?s={search_term_string}"},"query-input":"required name=search_term_string"}],"inLanguage":"de-DE"}]}},"_links":{"self":[{"href":"https:\/\/www.elemflora.it\/de\/wp-json\/wp\/v2\/product\/3612"}],"collection":[{"href":"https:\/\/www.elemflora.it\/de\/wp-json\/wp\/v2\/product"}],"about":[{"href":"https:\/\/www.elemflora.it\/de\/wp-json\/wp\/v2\/types\/product"}],"replies":[{"embeddable":true,"href":"https:\/\/www.elemflora.it\/de\/wp-json\/wp\/v2\/comments?post=3612"}],"wp:featuredmedia":[{"embeddable":true,"href":"https:\/\/www.elemflora.it\/de\/wp-json\/wp\/v2\/media\/2281"}],"wp:attachment":[{"href":"https:\/\/www.elemflora.it\/de\/wp-json\/wp\/v2\/media?parent=3612"}],"wp:term":[{"taxonomy":"product_cat","embeddable":true,"href":"https:\/\/www.elemflora.it\/de\/wp-json\/wp\/v2\/product_cat?post=3612"},{"taxonomy":"product_tag","embeddable":true,"href":"https:\/\/www.elemflora.it\/de\/wp-json\/wp\/v2\/product_tag?post=3612"}],"curies":[{"name":"wp","href":"https:\/\/api.w.org\/{rel}","templated":true}]}}