{"id":2661,"date":"2019-07-12T16:31:27","date_gmt":"2019-07-12T14:31:27","guid":{"rendered":"https:\/\/www.elemflora.it\/prodotto\/mimosa-floribunda\/"},"modified":"2019-09-09T15:21:41","modified_gmt":"2019-09-09T13:21:41","slug":"mimosa-floribunda","status":"publish","type":"product","link":"https:\/\/www.elemflora.it\/de\/produkt\/mimosa-floribunda\/","title":{"rendered":"MIMOSA FLORIBUNDA"},"content":{"rendered":"","protected":false},"excerpt":{"rendered":"<p class=\"tw-data-text tw-text-large tw-ta\" dir=\"ltr\" data-placeholder=\"Traduzione\">\n<p id=\"tw-target-text\" class=\"tw-data-text tw-text-large tw-ta\" dir=\"ltr\" data-placeholder=\"Traduzione\"><span lang=\"de\" tabindex=\"0\">Die Mimosa Floribunda ist ein mehrj\u00e4hriger immergr\u00fcner Mimosa . Erh\u00e4ltlich im Winter und Fr\u00fchling. Es ist in B\u00fcndeln mit unterschiedlichen Gewichten verpackt:<\/span><\/p>\n","protected":false},"featured_media":2407,"comment_status":"open","ping_status":"closed","template":"","meta":[],"product_cat":[731],"product_tag":[],"acf":[],"yoast_head":"<!-- This site is optimized with the Yoast SEO plugin v21.7 - https:\/\/yoast.com\/wordpress\/plugins\/seo\/ -->\n<title>MIMOSA FLORIBUNDA - Elemflora<\/title>\n<meta name=\"robots\" content=\"index, follow, max-snippet:-1, max-image-preview:large, max-video-preview:-1\" \/>\n<link rel=\"canonical\" href=\"https:\/\/www.elemflora.it\/de\/produkt\/mimosa-floribunda\/\" \/>\n<meta property=\"og:locale\" content=\"de_DE\" \/>\n<meta property=\"og:type\" content=\"article\" \/>\n<meta property=\"og:title\" content=\"MIMOSA FLORIBUNDA - Elemflora\" \/>\n<meta property=\"og:description\" content=\"Die Mimosa Floribunda ist ein mehrj\u00e4hriger immergr\u00fcner Mimosa . Erh\u00e4ltlich im Winter und Fr\u00fchling. Es ist in B\u00fcndeln mit unterschiedlichen Gewichten verpackt:\" \/>\n<meta property=\"og:url\" content=\"https:\/\/www.elemflora.it\/de\/produkt\/mimosa-floribunda\/\" \/>\n<meta property=\"og:site_name\" content=\"Elemflora\" \/>\n<meta property=\"article:modified_time\" content=\"2019-09-09T13:21:41+00:00\" \/>\n<meta property=\"og:image\" content=\"https:\/\/media.elemflora.it\/wp-content\/uploads\/2019\/07\/05175756\/Mimosa-Floribunda-scaled.jpg\" \/>\n\t<meta property=\"og:image:width\" content=\"1536\" \/>\n\t<meta property=\"og:image:height\" content=\"2048\" \/>\n\t<meta property=\"og:image:type\" content=\"image\/jpeg\" \/>\n<meta name=\"twitter:card\" content=\"summary_large_image\" \/>\n<script type=\"application\/ld+json\" class=\"yoast-schema-graph\">{\"@context\":\"https:\/\/schema.org\",\"@graph\":[{\"@type\":\"WebPage\",\"@id\":\"https:\/\/www.elemflora.it\/de\/produkt\/mimosa-floribunda\/\",\"url\":\"https:\/\/www.elemflora.it\/de\/produkt\/mimosa-floribunda\/\",\"name\":\"MIMOSA FLORIBUNDA - Elemflora\",\"isPartOf\":{\"@id\":\"https:\/\/www.elemflora.it\/de\/#website\"},\"datePublished\":\"2019-07-12T14:31:27+00:00\",\"dateModified\":\"2019-09-09T13:21:41+00:00\",\"breadcrumb\":{\"@id\":\"https:\/\/www.elemflora.it\/de\/produkt\/mimosa-floribunda\/#breadcrumb\"},\"inLanguage\":\"de-DE\",\"potentialAction\":[{\"@type\":\"ReadAction\",\"target\":[\"https:\/\/www.elemflora.it\/de\/produkt\/mimosa-floribunda\/\"]}]},{\"@type\":\"BreadcrumbList\",\"@id\":\"https:\/\/www.elemflora.it\/de\/produkt\/mimosa-floribunda\/#breadcrumb\",\"itemListElement\":[{\"@type\":\"ListItem\",\"position\":1,\"name\":\"Home\",\"item\":\"https:\/\/www.elemflora.it\/de\/\"},{\"@type\":\"ListItem\",\"position\":2,\"name\":\"Produkte\",\"item\":\"https:\/\/www.elemflora.it\/de\/produkte\/\"},{\"@type\":\"ListItem\",\"position\":3,\"name\":\"MIMOSA FLORIBUNDA\"}]},{\"@type\":\"WebSite\",\"@id\":\"https:\/\/www.elemflora.it\/de\/#website\",\"url\":\"https:\/\/www.elemflora.it\/de\/\",\"name\":\"Elemflora\",\"description\":\"Import Export Sanremo\",\"potentialAction\":[{\"@type\":\"SearchAction\",\"target\":{\"@type\":\"EntryPoint\",\"urlTemplate\":\"https:\/\/www.elemflora.it\/de\/?s={search_term_string}\"},\"query-input\":\"required name=search_term_string\"}],\"inLanguage\":\"de-DE\"}]}<\/script>\n<!-- \/ Yoast SEO plugin. -->","yoast_head_json":{"title":"MIMOSA FLORIBUNDA - Elemflora","robots":{"index":"index","follow":"follow","max-snippet":"max-snippet:-1","max-image-preview":"max-image-preview:large","max-video-preview":"max-video-preview:-1"},"canonical":"https:\/\/www.elemflora.it\/de\/produkt\/mimosa-floribunda\/","og_locale":"de_DE","og_type":"article","og_title":"MIMOSA FLORIBUNDA - Elemflora","og_description":"Die Mimosa Floribunda ist ein mehrj\u00e4hriger immergr\u00fcner Mimosa . Erh\u00e4ltlich im Winter und Fr\u00fchling. Es ist in B\u00fcndeln mit unterschiedlichen Gewichten verpackt:","og_url":"https:\/\/www.elemflora.it\/de\/produkt\/mimosa-floribunda\/","og_site_name":"Elemflora","article_modified_time":"2019-09-09T13:21:41+00:00","og_image":[{"width":1536,"height":2048,"url":"https:\/\/media.elemflora.it\/wp-content\/uploads\/2019\/07\/05175756\/Mimosa-Floribunda-scaled.jpg","type":"image\/jpeg"}],"twitter_card":"summary_large_image","schema":{"@context":"https:\/\/schema.org","@graph":[{"@type":"WebPage","@id":"https:\/\/www.elemflora.it\/de\/produkt\/mimosa-floribunda\/","url":"https:\/\/www.elemflora.it\/de\/produkt\/mimosa-floribunda\/","name":"MIMOSA FLORIBUNDA - Elemflora","isPartOf":{"@id":"https:\/\/www.elemflora.it\/de\/#website"},"datePublished":"2019-07-12T14:31:27+00:00","dateModified":"2019-09-09T13:21:41+00:00","breadcrumb":{"@id":"https:\/\/www.elemflora.it\/de\/produkt\/mimosa-floribunda\/#breadcrumb"},"inLanguage":"de-DE","potentialAction":[{"@type":"ReadAction","target":["https:\/\/www.elemflora.it\/de\/produkt\/mimosa-floribunda\/"]}]},{"@type":"BreadcrumbList","@id":"https:\/\/www.elemflora.it\/de\/produkt\/mimosa-floribunda\/#breadcrumb","itemListElement":[{"@type":"ListItem","position":1,"name":"Home","item":"https:\/\/www.elemflora.it\/de\/"},{"@type":"ListItem","position":2,"name":"Produkte","item":"https:\/\/www.elemflora.it\/de\/produkte\/"},{"@type":"ListItem","position":3,"name":"MIMOSA FLORIBUNDA"}]},{"@type":"WebSite","@id":"https:\/\/www.elemflora.it\/de\/#website","url":"https:\/\/www.elemflora.it\/de\/","name":"Elemflora","description":"Import Export Sanremo","potentialAction":[{"@type":"SearchAction","target":{"@type":"EntryPoint","urlTemplate":"https:\/\/www.elemflora.it\/de\/?s={search_term_string}"},"query-input":"required name=search_term_string"}],"inLanguage":"de-DE"}]}},"_links":{"self":[{"href":"https:\/\/www.elemflora.it\/de\/wp-json\/wp\/v2\/product\/2661"}],"collection":[{"href":"https:\/\/www.elemflora.it\/de\/wp-json\/wp\/v2\/product"}],"about":[{"href":"https:\/\/www.elemflora.it\/de\/wp-json\/wp\/v2\/types\/product"}],"replies":[{"embeddable":true,"href":"https:\/\/www.elemflora.it\/de\/wp-json\/wp\/v2\/comments?post=2661"}],"wp:featuredmedia":[{"embeddable":true,"href":"https:\/\/www.elemflora.it\/de\/wp-json\/wp\/v2\/media\/2407"}],"wp:attachment":[{"href":"https:\/\/www.elemflora.it\/de\/wp-json\/wp\/v2\/media?parent=2661"}],"wp:term":[{"taxonomy":"product_cat","embeddable":true,"href":"https:\/\/www.elemflora.it\/de\/wp-json\/wp\/v2\/product_cat?post=2661"},{"taxonomy":"product_tag","embeddable":true,"href":"https:\/\/www.elemflora.it\/de\/wp-json\/wp\/v2\/product_tag?post=2661"}],"curies":[{"name":"wp","href":"https:\/\/api.w.org\/{rel}","templated":true}]}}