{"id":2655,"date":"2019-07-12T16:44:21","date_gmt":"2019-07-12T14:44:21","guid":{"rendered":"https:\/\/www.elemflora.it\/prodotto\/ortensia-hydrangea\/"},"modified":"2019-09-09T14:43:51","modified_gmt":"2019-09-09T12:43:51","slug":"ortensia-hydrangea","status":"publish","type":"product","link":"https:\/\/www.elemflora.it\/de\/produkt\/ortensia-hydrangea\/","title":{"rendered":"ORTENSIA (Hydrangea)"},"content":{"rendered":"<p>Verf\u00fcgbar in sommer Zeit .<\/p>\n","protected":false},"excerpt":{"rendered":"<p id=\"tw-target-text\" class=\"tw-data-text tw-text-large tw-ta\" dir=\"ltr\" data-placeholder=\"Traduzione\"><span lang=\"de\" tabindex=\"0\">Hortensien, die im Sommer erh\u00e4ltlich sind. werden nach Gr\u00f6\u00dfe ausgew\u00e4hlt. Verpackt in B\u00fcndeln von 10 Stielen, k\u00f6nnen sie nach der Bl\u00fcte einfarbig, gemischt und in herbstlichen Farben verkauft werden.<\/span><\/p>\n","protected":false},"featured_media":2423,"comment_status":"open","ping_status":"closed","template":"","meta":[],"product_cat":[594],"product_tag":[],"acf":[],"yoast_head":"<!-- This site is optimized with the Yoast SEO plugin v21.7 - https:\/\/yoast.com\/wordpress\/plugins\/seo\/ -->\n<title>ORTENSIA (Hydrangea) - Elemflora<\/title>\n<meta name=\"robots\" content=\"index, follow, max-snippet:-1, max-image-preview:large, max-video-preview:-1\" \/>\n<link rel=\"canonical\" href=\"https:\/\/www.elemflora.it\/de\/produkt\/ortensia-hydrangea\/\" \/>\n<meta property=\"og:locale\" content=\"de_DE\" \/>\n<meta property=\"og:type\" content=\"article\" \/>\n<meta property=\"og:title\" content=\"ORTENSIA (Hydrangea) - Elemflora\" \/>\n<meta property=\"og:description\" content=\"Hortensien, die im Sommer erh\u00e4ltlich sind. werden nach Gr\u00f6\u00dfe ausgew\u00e4hlt. Verpackt in B\u00fcndeln von 10 Stielen, k\u00f6nnen sie nach der Bl\u00fcte einfarbig, gemischt und in herbstlichen Farben verkauft werden.\" \/>\n<meta property=\"og:url\" content=\"https:\/\/www.elemflora.it\/de\/produkt\/ortensia-hydrangea\/\" \/>\n<meta property=\"og:site_name\" content=\"Elemflora\" \/>\n<meta property=\"article:modified_time\" content=\"2019-09-09T12:43:51+00:00\" \/>\n<meta property=\"og:image\" content=\"https:\/\/media.elemflora.it\/wp-content\/uploads\/2019\/07\/05175755\/Ortensia-Mag-Arl.jpg\" \/>\n\t<meta property=\"og:image:width\" content=\"1080\" \/>\n\t<meta property=\"og:image:height\" content=\"1440\" \/>\n\t<meta property=\"og:image:type\" content=\"image\/jpeg\" \/>\n<meta name=\"twitter:card\" content=\"summary_large_image\" \/>\n<script type=\"application\/ld+json\" class=\"yoast-schema-graph\">{\"@context\":\"https:\/\/schema.org\",\"@graph\":[{\"@type\":\"WebPage\",\"@id\":\"https:\/\/www.elemflora.it\/de\/produkt\/ortensia-hydrangea\/\",\"url\":\"https:\/\/www.elemflora.it\/de\/produkt\/ortensia-hydrangea\/\",\"name\":\"ORTENSIA (Hydrangea) - Elemflora\",\"isPartOf\":{\"@id\":\"https:\/\/www.elemflora.it\/de\/#website\"},\"datePublished\":\"2019-07-12T14:44:21+00:00\",\"dateModified\":\"2019-09-09T12:43:51+00:00\",\"breadcrumb\":{\"@id\":\"https:\/\/www.elemflora.it\/de\/produkt\/ortensia-hydrangea\/#breadcrumb\"},\"inLanguage\":\"de-DE\",\"potentialAction\":[{\"@type\":\"ReadAction\",\"target\":[\"https:\/\/www.elemflora.it\/de\/produkt\/ortensia-hydrangea\/\"]}]},{\"@type\":\"BreadcrumbList\",\"@id\":\"https:\/\/www.elemflora.it\/de\/produkt\/ortensia-hydrangea\/#breadcrumb\",\"itemListElement\":[{\"@type\":\"ListItem\",\"position\":1,\"name\":\"Home\",\"item\":\"https:\/\/www.elemflora.it\/de\/\"},{\"@type\":\"ListItem\",\"position\":2,\"name\":\"Produkte\",\"item\":\"https:\/\/www.elemflora.it\/de\/produkte\/\"},{\"@type\":\"ListItem\",\"position\":3,\"name\":\"ORTENSIA (Hydrangea)\"}]},{\"@type\":\"WebSite\",\"@id\":\"https:\/\/www.elemflora.it\/de\/#website\",\"url\":\"https:\/\/www.elemflora.it\/de\/\",\"name\":\"Elemflora\",\"description\":\"Import Export Sanremo\",\"potentialAction\":[{\"@type\":\"SearchAction\",\"target\":{\"@type\":\"EntryPoint\",\"urlTemplate\":\"https:\/\/www.elemflora.it\/de\/?s={search_term_string}\"},\"query-input\":\"required name=search_term_string\"}],\"inLanguage\":\"de-DE\"}]}<\/script>\n<!-- \/ Yoast SEO plugin. -->","yoast_head_json":{"title":"ORTENSIA (Hydrangea) - Elemflora","robots":{"index":"index","follow":"follow","max-snippet":"max-snippet:-1","max-image-preview":"max-image-preview:large","max-video-preview":"max-video-preview:-1"},"canonical":"https:\/\/www.elemflora.it\/de\/produkt\/ortensia-hydrangea\/","og_locale":"de_DE","og_type":"article","og_title":"ORTENSIA (Hydrangea) - Elemflora","og_description":"Hortensien, die im Sommer erh\u00e4ltlich sind. werden nach Gr\u00f6\u00dfe ausgew\u00e4hlt. Verpackt in B\u00fcndeln von 10 Stielen, k\u00f6nnen sie nach der Bl\u00fcte einfarbig, gemischt und in herbstlichen Farben verkauft werden.","og_url":"https:\/\/www.elemflora.it\/de\/produkt\/ortensia-hydrangea\/","og_site_name":"Elemflora","article_modified_time":"2019-09-09T12:43:51+00:00","og_image":[{"width":1080,"height":1440,"url":"https:\/\/media.elemflora.it\/wp-content\/uploads\/2019\/07\/05175755\/Ortensia-Mag-Arl.jpg","type":"image\/jpeg"}],"twitter_card":"summary_large_image","schema":{"@context":"https:\/\/schema.org","@graph":[{"@type":"WebPage","@id":"https:\/\/www.elemflora.it\/de\/produkt\/ortensia-hydrangea\/","url":"https:\/\/www.elemflora.it\/de\/produkt\/ortensia-hydrangea\/","name":"ORTENSIA (Hydrangea) - Elemflora","isPartOf":{"@id":"https:\/\/www.elemflora.it\/de\/#website"},"datePublished":"2019-07-12T14:44:21+00:00","dateModified":"2019-09-09T12:43:51+00:00","breadcrumb":{"@id":"https:\/\/www.elemflora.it\/de\/produkt\/ortensia-hydrangea\/#breadcrumb"},"inLanguage":"de-DE","potentialAction":[{"@type":"ReadAction","target":["https:\/\/www.elemflora.it\/de\/produkt\/ortensia-hydrangea\/"]}]},{"@type":"BreadcrumbList","@id":"https:\/\/www.elemflora.it\/de\/produkt\/ortensia-hydrangea\/#breadcrumb","itemListElement":[{"@type":"ListItem","position":1,"name":"Home","item":"https:\/\/www.elemflora.it\/de\/"},{"@type":"ListItem","position":2,"name":"Produkte","item":"https:\/\/www.elemflora.it\/de\/produkte\/"},{"@type":"ListItem","position":3,"name":"ORTENSIA (Hydrangea)"}]},{"@type":"WebSite","@id":"https:\/\/www.elemflora.it\/de\/#website","url":"https:\/\/www.elemflora.it\/de\/","name":"Elemflora","description":"Import Export Sanremo","potentialAction":[{"@type":"SearchAction","target":{"@type":"EntryPoint","urlTemplate":"https:\/\/www.elemflora.it\/de\/?s={search_term_string}"},"query-input":"required name=search_term_string"}],"inLanguage":"de-DE"}]}},"_links":{"self":[{"href":"https:\/\/www.elemflora.it\/de\/wp-json\/wp\/v2\/product\/2655"}],"collection":[{"href":"https:\/\/www.elemflora.it\/de\/wp-json\/wp\/v2\/product"}],"about":[{"href":"https:\/\/www.elemflora.it\/de\/wp-json\/wp\/v2\/types\/product"}],"replies":[{"embeddable":true,"href":"https:\/\/www.elemflora.it\/de\/wp-json\/wp\/v2\/comments?post=2655"}],"wp:featuredmedia":[{"embeddable":true,"href":"https:\/\/www.elemflora.it\/de\/wp-json\/wp\/v2\/media\/2423"}],"wp:attachment":[{"href":"https:\/\/www.elemflora.it\/de\/wp-json\/wp\/v2\/media?parent=2655"}],"wp:term":[{"taxonomy":"product_cat","embeddable":true,"href":"https:\/\/www.elemflora.it\/de\/wp-json\/wp\/v2\/product_cat?post=2655"},{"taxonomy":"product_tag","embeddable":true,"href":"https:\/\/www.elemflora.it\/de\/wp-json\/wp\/v2\/product_tag?post=2655"}],"curies":[{"name":"wp","href":"https:\/\/api.w.org\/{rel}","templated":true}]}}