{"id":2638,"date":"2019-07-12T18:00:23","date_gmt":"2019-07-12T16:00:23","guid":{"rendered":"https:\/\/www.elemflora.it\/prodotto\/mistletoe\/"},"modified":"2019-08-13T14:44:52","modified_gmt":"2019-08-13T12:44:52","slug":"mistletoe","status":"publish","type":"product","link":"https:\/\/www.elemflora.it\/de\/produkt\/mistletoe\/","title":{"rendered":"MISTLETOE"},"content":{"rendered":"<p><br data-mce-bogus=\"1\"><\/p>\n","protected":false},"excerpt":{"rendered":"<div class=\"col\">\n<div id=\"center_col\">\n<div id=\"res\" class=\"med\" role=\"main\">\n<div id=\"search\">\n<div data-ved=\"0ahUKEwj4ndnv6P_jAhVF2qQKHQuWCRAQGggs\">\n<div id=\"rso\" data-async-context=\"query:traduttore%20google%20italiano%20inglese\">\n<div class=\"bkWMgd\">\n<div class=\"g knavi obcontainer mod\" data-md=\"77\" data-hveid=\"CAoQAA\" data-ved=\"2ahUKEwj4ndnv6P_jAhVF2qQKHQuWCRAQkCkwAHoECAoQAA\">\n<div data-hveid=\"CAoQAQ\">\n<div id=\"tw-container\" class=\"vk_c\" data-cp=\"1\" data-nnttsvi=\"1\" data-nttsd=\"1\" data-sm=\"1\" data-sugg-time=\"500\" data-sugg-url=\"https:\/\/clients1.google.com\/complete\/search\" data-uilc=\"it\">\n<div class=\"jhH5U r-inQA_gxj1228\" data-rtid=\"inQA_gxj1228\">\n<div id=\"tw-ob\" class=\"tw-src-ltr\">\n<div class=\"oSioSc\">\n<div id=\"tw-target\">\n<div id=\"kAz1tf\" class=\"g9WsWb\"><\/div>\n<\/div>\n<\/div>\n<\/div>\n<\/div>\n<\/div>\n<\/div>\n<\/div>\n<\/div>\n<div class=\"bkWMgd\">\n<div class=\"srg\">\n<div class=\"g\">\n<div data-hveid=\"CAAQAA\" data-ved=\"2ahUKEwj4ndnv6P_jAhVF2qQKHQuWCRAQFSgAMAF6BAgAEAA\">\n<div class=\"rc\">\n<div class=\"r\">\n<pre id=\"tw-target-text\" class=\"tw-data-text tw-text-large tw-ta\" dir=\"ltr\" data-placeholder=\"Traduzione\"><\/pre>\n<div class=\"action-menu ab_ctl\"><a id=\"am-b1\" class=\"GHDvEf ab_button\" role=\"button\" href=\"https:\/\/www.google.com\/search?q=traduttore+google+italiano+inglese&amp;oq=TRADUTTORE&amp;aqs=chrome.1.69i57j69i59l3j0j69i61.4195j0j8&amp;sourceid=chrome&amp;ie=UTF-8#\" aria-label=\"Opzioni per i risultati\" aria-expanded=\"false\" aria-haspopup=\"true\" data-ved=\"2ahUKEwj4ndnv6P_jAhVF2qQKHQuWCRAQ7B0wAXoECAAQAg\"><\/a><\/p>\n<div class=\"action-menu-panel ab_dropdown\" tabindex=\"-1\" role=\"menu\" data-ved=\"2ahUKEwj4ndnv6P_jAhVF2qQKHQuWCRAQqR8wAXoECAAQAw\">\n<p id=\"tw-target-text\" class=\"tw-data-text tw-text-large tw-ta\" dir=\"ltr\" data-placeholder=\"Traduzione\"><span lang=\"de\" tabindex=\"0\">Verf\u00fcgbar in der Vorweihnachtszeit. Verkauf pro Kilo und in Helmen verschiedener Gr\u00f6\u00dfen<\/span><\/p>\n<\/div>\n<\/div>\n<\/div>\n<\/div>\n<\/div>\n<\/div>\n<\/div>\n<\/div>\n<\/div>\n<\/div>\n<\/div>\n<\/div>\n<\/div>\n<\/div>\n<div id=\"rhscol\" class=\"col\">\n<div id=\"rhs\"><\/div>\n<\/div>\n","protected":false},"featured_media":2473,"comment_status":"open","ping_status":"closed","template":"","meta":[],"product_cat":[692],"product_tag":[],"acf":[],"yoast_head":"<!-- This site is optimized with the Yoast SEO plugin v21.7 - https:\/\/yoast.com\/wordpress\/plugins\/seo\/ -->\n<title>MISTLETOE - Elemflora<\/title>\n<meta name=\"robots\" content=\"index, follow, max-snippet:-1, max-image-preview:large, max-video-preview:-1\" \/>\n<link rel=\"canonical\" href=\"https:\/\/www.elemflora.it\/de\/produkt\/mistletoe\/\" \/>\n<meta property=\"og:locale\" content=\"de_DE\" \/>\n<meta property=\"og:type\" content=\"article\" \/>\n<meta property=\"og:title\" content=\"MISTLETOE - Elemflora\" \/>\n<meta property=\"og:description\" content=\"Verf\u00fcgbar in der Vorweihnachtszeit. Verkauf pro Kilo und in Helmen verschiedener Gr\u00f6\u00dfen\" \/>\n<meta property=\"og:url\" content=\"https:\/\/www.elemflora.it\/de\/produkt\/mistletoe\/\" \/>\n<meta property=\"og:site_name\" content=\"Elemflora\" \/>\n<meta property=\"article:modified_time\" content=\"2019-08-13T12:44:52+00:00\" \/>\n<meta property=\"og:image\" content=\"https:\/\/media.elemflora.it\/wp-content\/uploads\/2019\/07\/05175752\/Vischio.jpg\" \/>\n\t<meta property=\"og:image:width\" content=\"1080\" \/>\n\t<meta property=\"og:image:height\" content=\"1440\" \/>\n\t<meta property=\"og:image:type\" content=\"image\/jpeg\" \/>\n<meta name=\"twitter:card\" content=\"summary_large_image\" \/>\n<script type=\"application\/ld+json\" class=\"yoast-schema-graph\">{\"@context\":\"https:\/\/schema.org\",\"@graph\":[{\"@type\":\"WebPage\",\"@id\":\"https:\/\/www.elemflora.it\/de\/produkt\/mistletoe\/\",\"url\":\"https:\/\/www.elemflora.it\/de\/produkt\/mistletoe\/\",\"name\":\"MISTLETOE - Elemflora\",\"isPartOf\":{\"@id\":\"https:\/\/www.elemflora.it\/de\/#website\"},\"datePublished\":\"2019-07-12T16:00:23+00:00\",\"dateModified\":\"2019-08-13T12:44:52+00:00\",\"breadcrumb\":{\"@id\":\"https:\/\/www.elemflora.it\/de\/produkt\/mistletoe\/#breadcrumb\"},\"inLanguage\":\"de-DE\",\"potentialAction\":[{\"@type\":\"ReadAction\",\"target\":[\"https:\/\/www.elemflora.it\/de\/produkt\/mistletoe\/\"]}]},{\"@type\":\"BreadcrumbList\",\"@id\":\"https:\/\/www.elemflora.it\/de\/produkt\/mistletoe\/#breadcrumb\",\"itemListElement\":[{\"@type\":\"ListItem\",\"position\":1,\"name\":\"Home\",\"item\":\"https:\/\/www.elemflora.it\/de\/\"},{\"@type\":\"ListItem\",\"position\":2,\"name\":\"Produkte\",\"item\":\"https:\/\/www.elemflora.it\/de\/produkte\/\"},{\"@type\":\"ListItem\",\"position\":3,\"name\":\"MISTLETOE\"}]},{\"@type\":\"WebSite\",\"@id\":\"https:\/\/www.elemflora.it\/de\/#website\",\"url\":\"https:\/\/www.elemflora.it\/de\/\",\"name\":\"Elemflora\",\"description\":\"Import Export Sanremo\",\"potentialAction\":[{\"@type\":\"SearchAction\",\"target\":{\"@type\":\"EntryPoint\",\"urlTemplate\":\"https:\/\/www.elemflora.it\/de\/?s={search_term_string}\"},\"query-input\":\"required name=search_term_string\"}],\"inLanguage\":\"de-DE\"}]}<\/script>\n<!-- \/ Yoast SEO plugin. -->","yoast_head_json":{"title":"MISTLETOE - Elemflora","robots":{"index":"index","follow":"follow","max-snippet":"max-snippet:-1","max-image-preview":"max-image-preview:large","max-video-preview":"max-video-preview:-1"},"canonical":"https:\/\/www.elemflora.it\/de\/produkt\/mistletoe\/","og_locale":"de_DE","og_type":"article","og_title":"MISTLETOE - Elemflora","og_description":"Verf\u00fcgbar in der Vorweihnachtszeit. Verkauf pro Kilo und in Helmen verschiedener Gr\u00f6\u00dfen","og_url":"https:\/\/www.elemflora.it\/de\/produkt\/mistletoe\/","og_site_name":"Elemflora","article_modified_time":"2019-08-13T12:44:52+00:00","og_image":[{"width":1080,"height":1440,"url":"https:\/\/media.elemflora.it\/wp-content\/uploads\/2019\/07\/05175752\/Vischio.jpg","type":"image\/jpeg"}],"twitter_card":"summary_large_image","schema":{"@context":"https:\/\/schema.org","@graph":[{"@type":"WebPage","@id":"https:\/\/www.elemflora.it\/de\/produkt\/mistletoe\/","url":"https:\/\/www.elemflora.it\/de\/produkt\/mistletoe\/","name":"MISTLETOE - Elemflora","isPartOf":{"@id":"https:\/\/www.elemflora.it\/de\/#website"},"datePublished":"2019-07-12T16:00:23+00:00","dateModified":"2019-08-13T12:44:52+00:00","breadcrumb":{"@id":"https:\/\/www.elemflora.it\/de\/produkt\/mistletoe\/#breadcrumb"},"inLanguage":"de-DE","potentialAction":[{"@type":"ReadAction","target":["https:\/\/www.elemflora.it\/de\/produkt\/mistletoe\/"]}]},{"@type":"BreadcrumbList","@id":"https:\/\/www.elemflora.it\/de\/produkt\/mistletoe\/#breadcrumb","itemListElement":[{"@type":"ListItem","position":1,"name":"Home","item":"https:\/\/www.elemflora.it\/de\/"},{"@type":"ListItem","position":2,"name":"Produkte","item":"https:\/\/www.elemflora.it\/de\/produkte\/"},{"@type":"ListItem","position":3,"name":"MISTLETOE"}]},{"@type":"WebSite","@id":"https:\/\/www.elemflora.it\/de\/#website","url":"https:\/\/www.elemflora.it\/de\/","name":"Elemflora","description":"Import Export Sanremo","potentialAction":[{"@type":"SearchAction","target":{"@type":"EntryPoint","urlTemplate":"https:\/\/www.elemflora.it\/de\/?s={search_term_string}"},"query-input":"required name=search_term_string"}],"inLanguage":"de-DE"}]}},"_links":{"self":[{"href":"https:\/\/www.elemflora.it\/de\/wp-json\/wp\/v2\/product\/2638"}],"collection":[{"href":"https:\/\/www.elemflora.it\/de\/wp-json\/wp\/v2\/product"}],"about":[{"href":"https:\/\/www.elemflora.it\/de\/wp-json\/wp\/v2\/types\/product"}],"replies":[{"embeddable":true,"href":"https:\/\/www.elemflora.it\/de\/wp-json\/wp\/v2\/comments?post=2638"}],"wp:featuredmedia":[{"embeddable":true,"href":"https:\/\/www.elemflora.it\/de\/wp-json\/wp\/v2\/media\/2473"}],"wp:attachment":[{"href":"https:\/\/www.elemflora.it\/de\/wp-json\/wp\/v2\/media?parent=2638"}],"wp:term":[{"taxonomy":"product_cat","embeddable":true,"href":"https:\/\/www.elemflora.it\/de\/wp-json\/wp\/v2\/product_cat?post=2638"},{"taxonomy":"product_tag","embeddable":true,"href":"https:\/\/www.elemflora.it\/de\/wp-json\/wp\/v2\/product_tag?post=2638"}],"curies":[{"name":"wp","href":"https:\/\/api.w.org\/{rel}","templated":true}]}}