{"id":1810,"date":"2016-04-26T19:48:41","date_gmt":"2016-04-26T17:48:41","guid":{"rendered":"https:\/\/www.elemflora.it\/prodotto\/peonie-coral-sunset\/"},"modified":"2020-03-23T11:03:51","modified_gmt":"2020-03-23T10:03:51","slug":"peonie-coral-sunset","status":"publish","type":"product","link":"https:\/\/www.elemflora.it\/de\/produkt\/peonie-coral-sunset\/","title":{"rendered":"Peonia Coral Sunset"},"content":{"rendered":"","protected":false},"excerpt":{"rendered":"<p id=\"tw-target-text\" class=\"tw-data-text tw-ta tw-text-small\" dir=\"ltr\" data-placeholder=\"Traduzione\"><span lang=\"de\"><strong>Pfingstrose Coral Sunset<\/strong> ist vielleicht die viel gr\u00f6\u00dferen. St\u00e4mme sind sehr Stroh und Blume kann wie ein Tennisball sein, wenn es geschlossen ist<\/span><\/p>\n","protected":false},"featured_media":896,"comment_status":"open","ping_status":"closed","template":"","meta":[],"product_cat":[918],"product_tag":[652,654],"acf":[],"yoast_head":"<!-- This site is optimized with the Yoast SEO plugin v21.7 - https:\/\/yoast.com\/wordpress\/plugins\/seo\/ -->\n<title>Peonia Coral Sunset - Elemflora<\/title>\n<meta name=\"robots\" content=\"index, follow, max-snippet:-1, max-image-preview:large, max-video-preview:-1\" \/>\n<link rel=\"canonical\" href=\"https:\/\/www.elemflora.it\/de\/produkt\/peonie-coral-sunset\/\" \/>\n<meta property=\"og:locale\" content=\"de_DE\" \/>\n<meta property=\"og:type\" content=\"article\" \/>\n<meta property=\"og:title\" content=\"Peonia Coral Sunset - Elemflora\" \/>\n<meta property=\"og:description\" content=\"Pfingstrose Coral Sunset ist vielleicht die viel gr\u00f6\u00dferen. St\u00e4mme sind sehr Stroh und Blume kann wie ein Tennisball sein, wenn es geschlossen ist\" \/>\n<meta property=\"og:url\" content=\"https:\/\/www.elemflora.it\/de\/produkt\/peonie-coral-sunset\/\" \/>\n<meta property=\"og:site_name\" content=\"Elemflora\" \/>\n<meta property=\"article:modified_time\" content=\"2020-03-23T10:03:51+00:00\" \/>\n<meta property=\"og:image\" content=\"https:\/\/media.elemflora.it\/wp-content\/uploads\/2016\/04\/05180229\/Paeonie-Coral-Sunset.jpg\" \/>\n\t<meta property=\"og:image:width\" content=\"1200\" \/>\n\t<meta property=\"og:image:height\" content=\"900\" \/>\n\t<meta property=\"og:image:type\" content=\"image\/jpeg\" \/>\n<meta name=\"twitter:card\" content=\"summary_large_image\" \/>\n<script type=\"application\/ld+json\" class=\"yoast-schema-graph\">{\"@context\":\"https:\/\/schema.org\",\"@graph\":[{\"@type\":\"WebPage\",\"@id\":\"https:\/\/www.elemflora.it\/de\/produkt\/peonie-coral-sunset\/\",\"url\":\"https:\/\/www.elemflora.it\/de\/produkt\/peonie-coral-sunset\/\",\"name\":\"Peonia Coral Sunset - Elemflora\",\"isPartOf\":{\"@id\":\"https:\/\/www.elemflora.it\/de\/#website\"},\"datePublished\":\"2016-04-26T17:48:41+00:00\",\"dateModified\":\"2020-03-23T10:03:51+00:00\",\"breadcrumb\":{\"@id\":\"https:\/\/www.elemflora.it\/de\/produkt\/peonie-coral-sunset\/#breadcrumb\"},\"inLanguage\":\"de-DE\",\"potentialAction\":[{\"@type\":\"ReadAction\",\"target\":[\"https:\/\/www.elemflora.it\/de\/produkt\/peonie-coral-sunset\/\"]}]},{\"@type\":\"BreadcrumbList\",\"@id\":\"https:\/\/www.elemflora.it\/de\/produkt\/peonie-coral-sunset\/#breadcrumb\",\"itemListElement\":[{\"@type\":\"ListItem\",\"position\":1,\"name\":\"Home\",\"item\":\"https:\/\/www.elemflora.it\/de\/\"},{\"@type\":\"ListItem\",\"position\":2,\"name\":\"Produkte\",\"item\":\"https:\/\/www.elemflora.it\/de\/produkte\/\"},{\"@type\":\"ListItem\",\"position\":3,\"name\":\"Peonia Coral Sunset\"}]},{\"@type\":\"WebSite\",\"@id\":\"https:\/\/www.elemflora.it\/de\/#website\",\"url\":\"https:\/\/www.elemflora.it\/de\/\",\"name\":\"Elemflora\",\"description\":\"Import Export Sanremo\",\"potentialAction\":[{\"@type\":\"SearchAction\",\"target\":{\"@type\":\"EntryPoint\",\"urlTemplate\":\"https:\/\/www.elemflora.it\/de\/?s={search_term_string}\"},\"query-input\":\"required name=search_term_string\"}],\"inLanguage\":\"de-DE\"}]}<\/script>\n<!-- \/ Yoast SEO plugin. -->","yoast_head_json":{"title":"Peonia Coral Sunset - Elemflora","robots":{"index":"index","follow":"follow","max-snippet":"max-snippet:-1","max-image-preview":"max-image-preview:large","max-video-preview":"max-video-preview:-1"},"canonical":"https:\/\/www.elemflora.it\/de\/produkt\/peonie-coral-sunset\/","og_locale":"de_DE","og_type":"article","og_title":"Peonia Coral Sunset - Elemflora","og_description":"Pfingstrose Coral Sunset ist vielleicht die viel gr\u00f6\u00dferen. St\u00e4mme sind sehr Stroh und Blume kann wie ein Tennisball sein, wenn es geschlossen ist","og_url":"https:\/\/www.elemflora.it\/de\/produkt\/peonie-coral-sunset\/","og_site_name":"Elemflora","article_modified_time":"2020-03-23T10:03:51+00:00","og_image":[{"width":1200,"height":900,"url":"https:\/\/media.elemflora.it\/wp-content\/uploads\/2016\/04\/05180229\/Paeonie-Coral-Sunset.jpg","type":"image\/jpeg"}],"twitter_card":"summary_large_image","schema":{"@context":"https:\/\/schema.org","@graph":[{"@type":"WebPage","@id":"https:\/\/www.elemflora.it\/de\/produkt\/peonie-coral-sunset\/","url":"https:\/\/www.elemflora.it\/de\/produkt\/peonie-coral-sunset\/","name":"Peonia Coral Sunset - Elemflora","isPartOf":{"@id":"https:\/\/www.elemflora.it\/de\/#website"},"datePublished":"2016-04-26T17:48:41+00:00","dateModified":"2020-03-23T10:03:51+00:00","breadcrumb":{"@id":"https:\/\/www.elemflora.it\/de\/produkt\/peonie-coral-sunset\/#breadcrumb"},"inLanguage":"de-DE","potentialAction":[{"@type":"ReadAction","target":["https:\/\/www.elemflora.it\/de\/produkt\/peonie-coral-sunset\/"]}]},{"@type":"BreadcrumbList","@id":"https:\/\/www.elemflora.it\/de\/produkt\/peonie-coral-sunset\/#breadcrumb","itemListElement":[{"@type":"ListItem","position":1,"name":"Home","item":"https:\/\/www.elemflora.it\/de\/"},{"@type":"ListItem","position":2,"name":"Produkte","item":"https:\/\/www.elemflora.it\/de\/produkte\/"},{"@type":"ListItem","position":3,"name":"Peonia Coral Sunset"}]},{"@type":"WebSite","@id":"https:\/\/www.elemflora.it\/de\/#website","url":"https:\/\/www.elemflora.it\/de\/","name":"Elemflora","description":"Import Export Sanremo","potentialAction":[{"@type":"SearchAction","target":{"@type":"EntryPoint","urlTemplate":"https:\/\/www.elemflora.it\/de\/?s={search_term_string}"},"query-input":"required name=search_term_string"}],"inLanguage":"de-DE"}]}},"_links":{"self":[{"href":"https:\/\/www.elemflora.it\/de\/wp-json\/wp\/v2\/product\/1810"}],"collection":[{"href":"https:\/\/www.elemflora.it\/de\/wp-json\/wp\/v2\/product"}],"about":[{"href":"https:\/\/www.elemflora.it\/de\/wp-json\/wp\/v2\/types\/product"}],"replies":[{"embeddable":true,"href":"https:\/\/www.elemflora.it\/de\/wp-json\/wp\/v2\/comments?post=1810"}],"wp:featuredmedia":[{"embeddable":true,"href":"https:\/\/www.elemflora.it\/de\/wp-json\/wp\/v2\/media\/896"}],"wp:attachment":[{"href":"https:\/\/www.elemflora.it\/de\/wp-json\/wp\/v2\/media?parent=1810"}],"wp:term":[{"taxonomy":"product_cat","embeddable":true,"href":"https:\/\/www.elemflora.it\/de\/wp-json\/wp\/v2\/product_cat?post=1810"},{"taxonomy":"product_tag","embeddable":true,"href":"https:\/\/www.elemflora.it\/de\/wp-json\/wp\/v2\/product_tag?post=1810"}],"curies":[{"name":"wp","href":"https:\/\/api.w.org\/{rel}","templated":true}]}}