{"id":1796,"date":"2016-05-04T14:01:39","date_gmt":"2016-05-04T12:01:39","guid":{"rendered":"https:\/\/www.elemflora.it\/prodotto\/eucaliptus-stuartiana-autunno\/"},"modified":"2016-05-04T14:01:39","modified_gmt":"2016-05-04T12:01:39","slug":"eucaliptus-stuartiana-autunno","status":"publish","type":"product","link":"https:\/\/www.elemflora.it\/de\/produkt\/eucaliptus-stuartiana-autunno\/","title":{"rendered":"Eucaliptus Stuartiana Autunno"},"content":{"rendered":"","protected":false},"excerpt":{"rendered":"<p id=\"tw-target-text\" class=\"tw-data-text tw-ta tw-text-small\" dir=\"ltr\" data-placeholder=\"Traduzione\"><span lang=\"de\">Beste Zeit f\u00fcr <strong>Stuartiana Herbst<\/strong> ist Winter, weil wird viel Brite mit niedriger Temperatur. Ist in Mischb\u00fcndeln verpackt: gelb rot und orange und hellgr\u00fcn<\/span><\/p>\n","protected":false},"featured_media":861,"comment_status":"open","ping_status":"closed","template":"","meta":[],"product_cat":[695],"product_tag":[630],"acf":[],"yoast_head":"<!-- This site is optimized with the Yoast SEO plugin v21.7 - https:\/\/yoast.com\/wordpress\/plugins\/seo\/ -->\n<title>Eucaliptus Stuartiana Autunno - Elemflora<\/title>\n<meta name=\"robots\" content=\"index, follow, max-snippet:-1, max-image-preview:large, max-video-preview:-1\" \/>\n<link rel=\"canonical\" href=\"https:\/\/www.elemflora.it\/de\/produkt\/eucaliptus-stuartiana-autunno\/\" \/>\n<meta property=\"og:locale\" content=\"de_DE\" \/>\n<meta property=\"og:type\" content=\"article\" \/>\n<meta property=\"og:title\" content=\"Eucaliptus Stuartiana Autunno - Elemflora\" \/>\n<meta property=\"og:description\" content=\"Beste Zeit f\u00fcr Stuartiana Herbst ist Winter, weil wird viel Brite mit niedriger Temperatur. Ist in Mischb\u00fcndeln verpackt: gelb rot und orange und hellgr\u00fcn\" \/>\n<meta property=\"og:url\" content=\"https:\/\/www.elemflora.it\/de\/produkt\/eucaliptus-stuartiana-autunno\/\" \/>\n<meta property=\"og:site_name\" content=\"Elemflora\" \/>\n<meta property=\"og:image\" content=\"https:\/\/www.elemflora.it\/wp-content\/uploads\/2016\/05\/eucaliptus-stuartiana-autunno.jpg\" \/>\n\t<meta property=\"og:image:width\" content=\"643\" \/>\n\t<meta property=\"og:image:height\" content=\"482\" \/>\n\t<meta property=\"og:image:type\" content=\"image\/jpeg\" \/>\n<meta name=\"twitter:card\" content=\"summary_large_image\" \/>\n<script type=\"application\/ld+json\" class=\"yoast-schema-graph\">{\"@context\":\"https:\/\/schema.org\",\"@graph\":[{\"@type\":\"WebPage\",\"@id\":\"https:\/\/www.elemflora.it\/de\/produkt\/eucaliptus-stuartiana-autunno\/\",\"url\":\"https:\/\/www.elemflora.it\/de\/produkt\/eucaliptus-stuartiana-autunno\/\",\"name\":\"Eucaliptus Stuartiana Autunno - Elemflora\",\"isPartOf\":{\"@id\":\"https:\/\/www.elemflora.it\/de\/#website\"},\"datePublished\":\"2016-05-04T12:01:39+00:00\",\"dateModified\":\"2016-05-04T12:01:39+00:00\",\"breadcrumb\":{\"@id\":\"https:\/\/www.elemflora.it\/de\/produkt\/eucaliptus-stuartiana-autunno\/#breadcrumb\"},\"inLanguage\":\"de-DE\",\"potentialAction\":[{\"@type\":\"ReadAction\",\"target\":[\"https:\/\/www.elemflora.it\/de\/produkt\/eucaliptus-stuartiana-autunno\/\"]}]},{\"@type\":\"BreadcrumbList\",\"@id\":\"https:\/\/www.elemflora.it\/de\/produkt\/eucaliptus-stuartiana-autunno\/#breadcrumb\",\"itemListElement\":[{\"@type\":\"ListItem\",\"position\":1,\"name\":\"Home\",\"item\":\"https:\/\/www.elemflora.it\/de\/\"},{\"@type\":\"ListItem\",\"position\":2,\"name\":\"Produkte\",\"item\":\"https:\/\/www.elemflora.it\/de\/produkte\/\"},{\"@type\":\"ListItem\",\"position\":3,\"name\":\"Eucaliptus Stuartiana Autunno\"}]},{\"@type\":\"WebSite\",\"@id\":\"https:\/\/www.elemflora.it\/de\/#website\",\"url\":\"https:\/\/www.elemflora.it\/de\/\",\"name\":\"Elemflora\",\"description\":\"Import Export Sanremo\",\"potentialAction\":[{\"@type\":\"SearchAction\",\"target\":{\"@type\":\"EntryPoint\",\"urlTemplate\":\"https:\/\/www.elemflora.it\/de\/?s={search_term_string}\"},\"query-input\":\"required name=search_term_string\"}],\"inLanguage\":\"de-DE\"}]}<\/script>\n<!-- \/ Yoast SEO plugin. -->","yoast_head_json":{"title":"Eucaliptus Stuartiana Autunno - Elemflora","robots":{"index":"index","follow":"follow","max-snippet":"max-snippet:-1","max-image-preview":"max-image-preview:large","max-video-preview":"max-video-preview:-1"},"canonical":"https:\/\/www.elemflora.it\/de\/produkt\/eucaliptus-stuartiana-autunno\/","og_locale":"de_DE","og_type":"article","og_title":"Eucaliptus Stuartiana Autunno - Elemflora","og_description":"Beste Zeit f\u00fcr Stuartiana Herbst ist Winter, weil wird viel Brite mit niedriger Temperatur. Ist in Mischb\u00fcndeln verpackt: gelb rot und orange und hellgr\u00fcn","og_url":"https:\/\/www.elemflora.it\/de\/produkt\/eucaliptus-stuartiana-autunno\/","og_site_name":"Elemflora","og_image":[{"width":643,"height":482,"url":"https:\/\/www.elemflora.it\/wp-content\/uploads\/2016\/05\/eucaliptus-stuartiana-autunno.jpg","type":"image\/jpeg"}],"twitter_card":"summary_large_image","schema":{"@context":"https:\/\/schema.org","@graph":[{"@type":"WebPage","@id":"https:\/\/www.elemflora.it\/de\/produkt\/eucaliptus-stuartiana-autunno\/","url":"https:\/\/www.elemflora.it\/de\/produkt\/eucaliptus-stuartiana-autunno\/","name":"Eucaliptus Stuartiana Autunno - Elemflora","isPartOf":{"@id":"https:\/\/www.elemflora.it\/de\/#website"},"datePublished":"2016-05-04T12:01:39+00:00","dateModified":"2016-05-04T12:01:39+00:00","breadcrumb":{"@id":"https:\/\/www.elemflora.it\/de\/produkt\/eucaliptus-stuartiana-autunno\/#breadcrumb"},"inLanguage":"de-DE","potentialAction":[{"@type":"ReadAction","target":["https:\/\/www.elemflora.it\/de\/produkt\/eucaliptus-stuartiana-autunno\/"]}]},{"@type":"BreadcrumbList","@id":"https:\/\/www.elemflora.it\/de\/produkt\/eucaliptus-stuartiana-autunno\/#breadcrumb","itemListElement":[{"@type":"ListItem","position":1,"name":"Home","item":"https:\/\/www.elemflora.it\/de\/"},{"@type":"ListItem","position":2,"name":"Produkte","item":"https:\/\/www.elemflora.it\/de\/produkte\/"},{"@type":"ListItem","position":3,"name":"Eucaliptus Stuartiana Autunno"}]},{"@type":"WebSite","@id":"https:\/\/www.elemflora.it\/de\/#website","url":"https:\/\/www.elemflora.it\/de\/","name":"Elemflora","description":"Import Export Sanremo","potentialAction":[{"@type":"SearchAction","target":{"@type":"EntryPoint","urlTemplate":"https:\/\/www.elemflora.it\/de\/?s={search_term_string}"},"query-input":"required name=search_term_string"}],"inLanguage":"de-DE"}]}},"_links":{"self":[{"href":"https:\/\/www.elemflora.it\/de\/wp-json\/wp\/v2\/product\/1796"}],"collection":[{"href":"https:\/\/www.elemflora.it\/de\/wp-json\/wp\/v2\/product"}],"about":[{"href":"https:\/\/www.elemflora.it\/de\/wp-json\/wp\/v2\/types\/product"}],"replies":[{"embeddable":true,"href":"https:\/\/www.elemflora.it\/de\/wp-json\/wp\/v2\/comments?post=1796"}],"wp:featuredmedia":[{"embeddable":true,"href":"https:\/\/www.elemflora.it\/de\/wp-json\/wp\/v2\/media\/861"}],"wp:attachment":[{"href":"https:\/\/www.elemflora.it\/de\/wp-json\/wp\/v2\/media?parent=1796"}],"wp:term":[{"taxonomy":"product_cat","embeddable":true,"href":"https:\/\/www.elemflora.it\/de\/wp-json\/wp\/v2\/product_cat?post=1796"},{"taxonomy":"product_tag","embeddable":true,"href":"https:\/\/www.elemflora.it\/de\/wp-json\/wp\/v2\/product_tag?post=1796"}],"curies":[{"name":"wp","href":"https:\/\/api.w.org\/{rel}","templated":true}]}}