{"id":1762,"date":"2016-05-09T12:30:53","date_gmt":"2016-05-09T10:30:53","guid":{"rendered":"https:\/\/www.elemflora.it\/prodotto\/ginster-bereen\/"},"modified":"2017-07-19T09:32:33","modified_gmt":"2017-07-19T07:32:33","slug":"ginster-bereen","status":"publish","type":"product","link":"https:\/\/www.elemflora.it\/de\/produkt\/ginster-bereen\/","title":{"rendered":"Ginster Bereen"},"content":{"rendered":"","protected":false},"excerpt":{"rendered":"<p id=\"tw-target-text\" class=\"tw-data-text tw-ta tw-text-small\" dir=\"ltr\" data-placeholder=\"Traduzione\"><span lang=\"de\"><strong>Ginster mit Bereen<\/strong>\u00a0ist verkauft nat\u00fcrlich gr\u00fcn oder rot absorbiert. B\u00fcndel k\u00f6nnen 250\/400 gr sein<\/span><\/p>\n","protected":false},"featured_media":789,"comment_status":"open","ping_status":"closed","template":"","meta":[],"product_cat":[689],"product_tag":[640],"acf":[],"yoast_head":"<!-- This site is optimized with the Yoast SEO plugin v21.7 - https:\/\/yoast.com\/wordpress\/plugins\/seo\/ -->\n<title>Ginster Bereen - Elemflora<\/title>\n<meta name=\"robots\" content=\"index, follow, max-snippet:-1, max-image-preview:large, max-video-preview:-1\" \/>\n<link rel=\"canonical\" href=\"https:\/\/www.elemflora.it\/de\/produkt\/ginster-bereen\/\" \/>\n<meta property=\"og:locale\" content=\"de_DE\" \/>\n<meta property=\"og:type\" content=\"article\" \/>\n<meta property=\"og:title\" content=\"Ginster Bereen - Elemflora\" \/>\n<meta property=\"og:description\" content=\"Ginster mit Bereen\u00a0ist verkauft nat\u00fcrlich gr\u00fcn oder rot absorbiert. B\u00fcndel k\u00f6nnen 250\/400 gr sein\" \/>\n<meta property=\"og:url\" content=\"https:\/\/www.elemflora.it\/de\/produkt\/ginster-bereen\/\" \/>\n<meta property=\"og:site_name\" content=\"Elemflora\" \/>\n<meta property=\"article:modified_time\" content=\"2017-07-19T07:32:33+00:00\" \/>\n<meta property=\"og:image\" content=\"https:\/\/media.elemflora.it\/wp-content\/uploads\/2016\/05\/05180243\/ginestra-a-bacche.jpg\" \/>\n\t<meta property=\"og:image:width\" content=\"1280\" \/>\n\t<meta property=\"og:image:height\" content=\"961\" \/>\n\t<meta property=\"og:image:type\" content=\"image\/jpeg\" \/>\n<meta name=\"twitter:card\" content=\"summary_large_image\" \/>\n<script type=\"application\/ld+json\" class=\"yoast-schema-graph\">{\"@context\":\"https:\/\/schema.org\",\"@graph\":[{\"@type\":\"WebPage\",\"@id\":\"https:\/\/www.elemflora.it\/de\/produkt\/ginster-bereen\/\",\"url\":\"https:\/\/www.elemflora.it\/de\/produkt\/ginster-bereen\/\",\"name\":\"Ginster Bereen - Elemflora\",\"isPartOf\":{\"@id\":\"https:\/\/www.elemflora.it\/de\/#website\"},\"datePublished\":\"2016-05-09T10:30:53+00:00\",\"dateModified\":\"2017-07-19T07:32:33+00:00\",\"breadcrumb\":{\"@id\":\"https:\/\/www.elemflora.it\/de\/produkt\/ginster-bereen\/#breadcrumb\"},\"inLanguage\":\"de-DE\",\"potentialAction\":[{\"@type\":\"ReadAction\",\"target\":[\"https:\/\/www.elemflora.it\/de\/produkt\/ginster-bereen\/\"]}]},{\"@type\":\"BreadcrumbList\",\"@id\":\"https:\/\/www.elemflora.it\/de\/produkt\/ginster-bereen\/#breadcrumb\",\"itemListElement\":[{\"@type\":\"ListItem\",\"position\":1,\"name\":\"Home\",\"item\":\"https:\/\/www.elemflora.it\/de\/\"},{\"@type\":\"ListItem\",\"position\":2,\"name\":\"Produkte\",\"item\":\"https:\/\/www.elemflora.it\/de\/produkte\/\"},{\"@type\":\"ListItem\",\"position\":3,\"name\":\"Ginster Bereen\"}]},{\"@type\":\"WebSite\",\"@id\":\"https:\/\/www.elemflora.it\/de\/#website\",\"url\":\"https:\/\/www.elemflora.it\/de\/\",\"name\":\"Elemflora\",\"description\":\"Import Export Sanremo\",\"potentialAction\":[{\"@type\":\"SearchAction\",\"target\":{\"@type\":\"EntryPoint\",\"urlTemplate\":\"https:\/\/www.elemflora.it\/de\/?s={search_term_string}\"},\"query-input\":\"required name=search_term_string\"}],\"inLanguage\":\"de-DE\"}]}<\/script>\n<!-- \/ Yoast SEO plugin. -->","yoast_head_json":{"title":"Ginster Bereen - Elemflora","robots":{"index":"index","follow":"follow","max-snippet":"max-snippet:-1","max-image-preview":"max-image-preview:large","max-video-preview":"max-video-preview:-1"},"canonical":"https:\/\/www.elemflora.it\/de\/produkt\/ginster-bereen\/","og_locale":"de_DE","og_type":"article","og_title":"Ginster Bereen - Elemflora","og_description":"Ginster mit Bereen\u00a0ist verkauft nat\u00fcrlich gr\u00fcn oder rot absorbiert. B\u00fcndel k\u00f6nnen 250\/400 gr sein","og_url":"https:\/\/www.elemflora.it\/de\/produkt\/ginster-bereen\/","og_site_name":"Elemflora","article_modified_time":"2017-07-19T07:32:33+00:00","og_image":[{"width":1280,"height":961,"url":"https:\/\/media.elemflora.it\/wp-content\/uploads\/2016\/05\/05180243\/ginestra-a-bacche.jpg","type":"image\/jpeg"}],"twitter_card":"summary_large_image","schema":{"@context":"https:\/\/schema.org","@graph":[{"@type":"WebPage","@id":"https:\/\/www.elemflora.it\/de\/produkt\/ginster-bereen\/","url":"https:\/\/www.elemflora.it\/de\/produkt\/ginster-bereen\/","name":"Ginster Bereen - Elemflora","isPartOf":{"@id":"https:\/\/www.elemflora.it\/de\/#website"},"datePublished":"2016-05-09T10:30:53+00:00","dateModified":"2017-07-19T07:32:33+00:00","breadcrumb":{"@id":"https:\/\/www.elemflora.it\/de\/produkt\/ginster-bereen\/#breadcrumb"},"inLanguage":"de-DE","potentialAction":[{"@type":"ReadAction","target":["https:\/\/www.elemflora.it\/de\/produkt\/ginster-bereen\/"]}]},{"@type":"BreadcrumbList","@id":"https:\/\/www.elemflora.it\/de\/produkt\/ginster-bereen\/#breadcrumb","itemListElement":[{"@type":"ListItem","position":1,"name":"Home","item":"https:\/\/www.elemflora.it\/de\/"},{"@type":"ListItem","position":2,"name":"Produkte","item":"https:\/\/www.elemflora.it\/de\/produkte\/"},{"@type":"ListItem","position":3,"name":"Ginster Bereen"}]},{"@type":"WebSite","@id":"https:\/\/www.elemflora.it\/de\/#website","url":"https:\/\/www.elemflora.it\/de\/","name":"Elemflora","description":"Import Export Sanremo","potentialAction":[{"@type":"SearchAction","target":{"@type":"EntryPoint","urlTemplate":"https:\/\/www.elemflora.it\/de\/?s={search_term_string}"},"query-input":"required name=search_term_string"}],"inLanguage":"de-DE"}]}},"_links":{"self":[{"href":"https:\/\/www.elemflora.it\/de\/wp-json\/wp\/v2\/product\/1762"}],"collection":[{"href":"https:\/\/www.elemflora.it\/de\/wp-json\/wp\/v2\/product"}],"about":[{"href":"https:\/\/www.elemflora.it\/de\/wp-json\/wp\/v2\/types\/product"}],"replies":[{"embeddable":true,"href":"https:\/\/www.elemflora.it\/de\/wp-json\/wp\/v2\/comments?post=1762"}],"wp:featuredmedia":[{"embeddable":true,"href":"https:\/\/www.elemflora.it\/de\/wp-json\/wp\/v2\/media\/789"}],"wp:attachment":[{"href":"https:\/\/www.elemflora.it\/de\/wp-json\/wp\/v2\/media?parent=1762"}],"wp:term":[{"taxonomy":"product_cat","embeddable":true,"href":"https:\/\/www.elemflora.it\/de\/wp-json\/wp\/v2\/product_cat?post=1762"},{"taxonomy":"product_tag","embeddable":true,"href":"https:\/\/www.elemflora.it\/de\/wp-json\/wp\/v2\/product_tag?post=1762"}],"curies":[{"name":"wp","href":"https:\/\/api.w.org\/{rel}","templated":true}]}}