{"id":3024,"date":"2019-10-07T16:34:38","date_gmt":"2019-10-07T14:34:38","guid":{"rendered":"https:\/\/www.elemflora.it\/?page_id=3024"},"modified":"2022-09-08T15:30:22","modified_gmt":"2022-09-08T13:30:22","slug":"uber-uns","status":"publish","type":"page","link":"https:\/\/www.elemflora.it\/de\/uber-uns\/","title":{"rendered":"Uber Uns"},"content":{"rendered":"\r\n<p>Die Firma <strong>Elemflora<\/strong> wurde von Luca und Massimo im August 2014 gegr\u00fcndet, mit dem Gedanken durch ethisches Bewusstsein den Import-und Exportsektor zu revolutionieren, um qualitativ hochwertige Ware anzubieten.<\/p>\r\n\r\n\r\n\r\n<p>Lange Zeit wurde versucht auf billige Art und Weise zu produzieren und zu handeln, ohne dar\u00fcber<\/p>\r\n\r\n\r\n\r\n<p>nachzudenken, ob die\u00a0 Produzenten den gew\u00fcnschten Qualit\u00e4tsstandard aufrecht erhalten k\u00f6nnen w\u00fcrden.<\/p>\r\n\r\n\r\n\r\n<p>Genau aus diesem Grund haben wir uns das Ziel\u00a0 gesetzt, drei wichtige Punkte zu respektieren: <strong>FRISCHE DES PRODUKTES, QUALIT\u00c4T, KONKURRENZF\u00c4HIGE PREISE<\/strong>.<\/p>\r\n\r\n\r\n\r\n<p>Durch t\u00e4glichen\u00a0 Kontakt mit unsere Produzenten, sind wir immer auf dem aktuellsten Stand!<\/p>\r\n\r\n\r\n\r\n<p>Wir importieren Ware aus den Niederlanden und verkaufen auch in Italien.<\/p>\r\n\r\n\r\n\r\n<p>Mit spezialisierten K\u00fchltransporten beliefern unsere Kundenkreis in Norditalien.<\/p>\r\n\r\n\r\n\r\n<p>Unser Ziel ist die Zufriedenheit unserer Kunden, die wir mit unsere langj\u00e4hrige Erfahrung in der Blumenbranche begleiten. Unsere Mitarbeiter und wir sind sehr zufrieden mit unserem Service, den wir jeden Tag unsere Kunden bieten d\u00fcrfen.<\/p>\r\n","protected":false},"excerpt":{"rendered":"<p>Die Firma Elemflora wurde von Luca und Massimo im August 2014 gegr\u00fcndet, mit dem Gedanken durch ethisches Bewusstsein den Import-und Exportsektor zu revolutionieren, um qualitativ hochwertige Ware anzubieten. Lange Zeit wurde versucht auf billige Art und Weise zu produzieren und zu handeln, ohne dar\u00fcber nachzudenken, ob die\u00a0 Produzenten den gew\u00fcnschten Qualit\u00e4tsstandard aufrecht erhalten k\u00f6nnen w\u00fcrden.&hellip;<\/p>\n","protected":false},"author":1,"featured_media":0,"parent":0,"menu_order":0,"comment_status":"closed","ping_status":"closed","template":"","meta":{"footnotes":""},"acf":[],"yoast_head":"<!-- This site is optimized with the Yoast SEO plugin v21.7 - https:\/\/yoast.com\/wordpress\/plugins\/seo\/ -->\n<title>Uber Uns - Elemflora<\/title>\n<meta name=\"robots\" content=\"index, follow, max-snippet:-1, max-image-preview:large, max-video-preview:-1\" \/>\n<link rel=\"canonical\" href=\"https:\/\/www.elemflora.it\/de\/uber-uns\/\" \/>\n<meta property=\"og:locale\" content=\"de_DE\" \/>\n<meta property=\"og:type\" content=\"article\" \/>\n<meta property=\"og:title\" content=\"Uber Uns - Elemflora\" \/>\n<meta property=\"og:description\" content=\"Die Firma Elemflora wurde von Luca und Massimo im August 2014 gegr\u00fcndet, mit dem Gedanken durch ethisches Bewusstsein den Import-und Exportsektor zu revolutionieren, um qualitativ hochwertige Ware anzubieten. Lange Zeit wurde versucht auf billige Art und Weise zu produzieren und zu handeln, ohne dar\u00fcber nachzudenken, ob die\u00a0 Produzenten den gew\u00fcnschten Qualit\u00e4tsstandard aufrecht erhalten k\u00f6nnen w\u00fcrden.&hellip;\" \/>\n<meta property=\"og:url\" content=\"https:\/\/www.elemflora.it\/de\/uber-uns\/\" \/>\n<meta property=\"og:site_name\" content=\"Elemflora\" \/>\n<meta property=\"article:modified_time\" content=\"2022-09-08T13:30:22+00:00\" \/>\n<meta name=\"twitter:card\" content=\"summary_large_image\" \/>\n<meta name=\"twitter:label1\" content=\"Est. reading time\" \/>\n\t<meta name=\"twitter:data1\" content=\"1 minute\" \/>\n<script type=\"application\/ld+json\" class=\"yoast-schema-graph\">{\"@context\":\"https:\/\/schema.org\",\"@graph\":[{\"@type\":\"WebPage\",\"@id\":\"https:\/\/www.elemflora.it\/de\/uber-uns\/\",\"url\":\"https:\/\/www.elemflora.it\/de\/uber-uns\/\",\"name\":\"Uber Uns - Elemflora\",\"isPartOf\":{\"@id\":\"https:\/\/www.elemflora.it\/de\/#website\"},\"datePublished\":\"2019-10-07T14:34:38+00:00\",\"dateModified\":\"2022-09-08T13:30:22+00:00\",\"breadcrumb\":{\"@id\":\"https:\/\/www.elemflora.it\/de\/uber-uns\/#breadcrumb\"},\"inLanguage\":\"de-DE\",\"potentialAction\":[{\"@type\":\"ReadAction\",\"target\":[\"https:\/\/www.elemflora.it\/de\/uber-uns\/\"]}]},{\"@type\":\"BreadcrumbList\",\"@id\":\"https:\/\/www.elemflora.it\/de\/uber-uns\/#breadcrumb\",\"itemListElement\":[{\"@type\":\"ListItem\",\"position\":1,\"name\":\"Home\",\"item\":\"https:\/\/www.elemflora.it\/de\/\"},{\"@type\":\"ListItem\",\"position\":2,\"name\":\"Uber Uns\"}]},{\"@type\":\"WebSite\",\"@id\":\"https:\/\/www.elemflora.it\/de\/#website\",\"url\":\"https:\/\/www.elemflora.it\/de\/\",\"name\":\"Elemflora\",\"description\":\"Import Export Sanremo\",\"potentialAction\":[{\"@type\":\"SearchAction\",\"target\":{\"@type\":\"EntryPoint\",\"urlTemplate\":\"https:\/\/www.elemflora.it\/de\/?s={search_term_string}\"},\"query-input\":\"required name=search_term_string\"}],\"inLanguage\":\"de-DE\"}]}<\/script>\n<!-- \/ Yoast SEO plugin. -->","yoast_head_json":{"title":"Uber Uns - Elemflora","robots":{"index":"index","follow":"follow","max-snippet":"max-snippet:-1","max-image-preview":"max-image-preview:large","max-video-preview":"max-video-preview:-1"},"canonical":"https:\/\/www.elemflora.it\/de\/uber-uns\/","og_locale":"de_DE","og_type":"article","og_title":"Uber Uns - Elemflora","og_description":"Die Firma Elemflora wurde von Luca und Massimo im August 2014 gegr\u00fcndet, mit dem Gedanken durch ethisches Bewusstsein den Import-und Exportsektor zu revolutionieren, um qualitativ hochwertige Ware anzubieten. Lange Zeit wurde versucht auf billige Art und Weise zu produzieren und zu handeln, ohne dar\u00fcber nachzudenken, ob die\u00a0 Produzenten den gew\u00fcnschten Qualit\u00e4tsstandard aufrecht erhalten k\u00f6nnen w\u00fcrden.&hellip;","og_url":"https:\/\/www.elemflora.it\/de\/uber-uns\/","og_site_name":"Elemflora","article_modified_time":"2022-09-08T13:30:22+00:00","twitter_card":"summary_large_image","twitter_misc":{"Est. reading time":"1 minute"},"schema":{"@context":"https:\/\/schema.org","@graph":[{"@type":"WebPage","@id":"https:\/\/www.elemflora.it\/de\/uber-uns\/","url":"https:\/\/www.elemflora.it\/de\/uber-uns\/","name":"Uber Uns - Elemflora","isPartOf":{"@id":"https:\/\/www.elemflora.it\/de\/#website"},"datePublished":"2019-10-07T14:34:38+00:00","dateModified":"2022-09-08T13:30:22+00:00","breadcrumb":{"@id":"https:\/\/www.elemflora.it\/de\/uber-uns\/#breadcrumb"},"inLanguage":"de-DE","potentialAction":[{"@type":"ReadAction","target":["https:\/\/www.elemflora.it\/de\/uber-uns\/"]}]},{"@type":"BreadcrumbList","@id":"https:\/\/www.elemflora.it\/de\/uber-uns\/#breadcrumb","itemListElement":[{"@type":"ListItem","position":1,"name":"Home","item":"https:\/\/www.elemflora.it\/de\/"},{"@type":"ListItem","position":2,"name":"Uber Uns"}]},{"@type":"WebSite","@id":"https:\/\/www.elemflora.it\/de\/#website","url":"https:\/\/www.elemflora.it\/de\/","name":"Elemflora","description":"Import Export Sanremo","potentialAction":[{"@type":"SearchAction","target":{"@type":"EntryPoint","urlTemplate":"https:\/\/www.elemflora.it\/de\/?s={search_term_string}"},"query-input":"required name=search_term_string"}],"inLanguage":"de-DE"}]}},"_links":{"self":[{"href":"https:\/\/www.elemflora.it\/de\/wp-json\/wp\/v2\/pages\/3024"}],"collection":[{"href":"https:\/\/www.elemflora.it\/de\/wp-json\/wp\/v2\/pages"}],"about":[{"href":"https:\/\/www.elemflora.it\/de\/wp-json\/wp\/v2\/types\/page"}],"author":[{"embeddable":true,"href":"https:\/\/www.elemflora.it\/de\/wp-json\/wp\/v2\/users\/1"}],"replies":[{"embeddable":true,"href":"https:\/\/www.elemflora.it\/de\/wp-json\/wp\/v2\/comments?post=3024"}],"version-history":[{"count":2,"href":"https:\/\/www.elemflora.it\/de\/wp-json\/wp\/v2\/pages\/3024\/revisions"}],"predecessor-version":[{"id":9849,"href":"https:\/\/www.elemflora.it\/de\/wp-json\/wp\/v2\/pages\/3024\/revisions\/9849"}],"wp:attachment":[{"href":"https:\/\/www.elemflora.it\/de\/wp-json\/wp\/v2\/media?parent=3024"}],"curies":[{"name":"wp","href":"https:\/\/api.w.org\/{rel}","templated":true}]}}